{"id":62084,"date":"2015-08-12T18:27:08","date_gmt":"2015-08-12T16:27:08","guid":{"rendered":"https:\/\/www.vitandar.de\/imprint\/"},"modified":"2025-10-03T09:01:29","modified_gmt":"2025-10-03T07:01:29","slug":"imprint","status":"publish","type":"page","link":"https:\/\/www.vitandar.de\/en\/imprint\/","title":{"rendered":"Imprint"},"content":{"rendered":"\n<h2 style=\"text-align: center;\">Imprint<\/h2>\n<div class=\"is-divider divider clearfix\" style=\"max-width:100%;height:2px;background-color:rgb(237, 0, 0);\"><\/div>\n\n\n\t<section class=\"section\" id=\"section_1928781340\">\n\t\t<div class=\"section-bg fill\" >\n\t\t\t\t\t\t\t\t\t\n\t\t\t\n\n\t\t<\/div>\n\n\t\t\n\n\t\t<div class=\"section-content relative\">\n\t\t\t\n\n<h4><span class=\"color-title\">Address<\/span><\/h4>\n<p><strong>VITANDAR<\/strong><br>Inh. Kathleen Horn<br>Am Frankenberg 21<br>D-21077 Hamburg <\/p>\n<p>(NO business and NO sale here. NO returns. Administration only.)<\/p>\n<p>Tel: +49 40-27 80 90 67<\/p>\n<p>E-mail: info@vitandar.de<br>Web: www.vitandar.de<\/p>\n<p>Owner: Kathleen Horn<br>&#8212;&#8212;&#8212;&#8212;&#8212;&#8212;&#8211;<br><strong>Address for returning goods:<br><\/strong>(please only use this address)<\/p>\n<p><strong>VITANDAR<\/strong><br><strong>Am Frankenberg 21<\/strong><br><strong>D-21077 Hamburg<\/strong><\/p>\n<p>Under the following link you can issue a DHL returns label for a fee:<strong>\n  <br>\n  <a href=\"https:\/\/www.dhl.de\/de\/privatkunden\/pakete-versenden\/online-frankieren.html?type=RetoureLandingPage&amp;rosyId=a98f9a6db52d411bb3c31354eac1738b\" target=\"_blank\" rel=\"noopener\">To the DHL portal<\/a>\n  <br>\n<\/strong><\/p>\n<p>&#8212;&#8212;&#8212;&#8212;&#8212;&#8212;&#8211;<\/p>\n<p><strong>VAT ID according to \u00a7 27a UStG<\/strong><br>DE 296143530<\/p>\n<p><strong>Responsible for content according to \u00a7 6 TDG and \u00a7 10 MDStV<\/strong><br>Kathleen Horn (address as above)<\/p>\n<p><strong>Office hours:<\/strong><br>Monday &#8211; Friday 9.00-18.00<\/p>\n<p>Further dates by arrangement<\/p>\n<p>Rose garden in May &#8211; a place for inspiration and creation<\/p>\n<h4>Disclaimer<\/h4>\n<p><strong>Liability for content<\/strong><br>The content of our website has been created with the utmost care. However, we cannot assume any liability for the accuracy, completeness and topicality of the content. As a service provider, we are responsible for our own content on these pages in accordance with Section 7 (1) TMG (German Telemedia Act) and general legislation. According to \u00a7\u00a7 8 to 10 TMG, however, we as a service provider are not obliged to monitor transmitted or stored third-party information or to investigate circumstances that indicate illegal activity. Obligations to remove or block the use of information in accordance with general legislation remain unaffected by this. However, liability in this respect is only possible from the time of knowledge of a specific infringement. As soon as we become aware of such infringements, we will remove this content immediately.       <\/p>\n<p><strong>Liability for links<\/strong><br>Our website contains links to external third-party websites over whose content we have no influence. Therefore, we cannot accept any liability for this third-party content. The respective provider or operator of the pages is always responsible for the content of the linked pages. The linked pages were checked for possible legal violations at the time of linking. Illegal content was not recognizable at the time of linking. However, permanent monitoring of the content of the linked pages is not reasonable without concrete evidence of an infringement. If we become aware of any legal infringements, we will remove such links immediately.      <\/p>\n<p><strong>Copyright<\/strong><br>Copyright VITANDAR. All rights reserved. All texts, images, graphics, sound, video and animation files and their arrangements are subject to copyright and other laws for the protection of intellectual property. They may not be copied for commercial purposes or for distribution, nor may they be modified and used on other websites and print media. All other logos and brand names are subject to the rights of their respective owners.    <\/p>\n<p><strong>Rights notice for photos<\/strong><br>Photos and graphics from the following authors are used for the design of our website, flyers, brochures and other materials as well as within our social media presence (Instagram, Facebook, etc.).<\/p>\n<p><strong>Many thanks to:<\/strong><br>Vivien Venzke<a href=\"http:\/\/www.equi-image.de\/\" target=\"_blank\" rel=\"noopener noreferrer\">(www.equi-image.de)<\/a><br>Danijel Magdi\u0107<br>R\u00fcdiger von L\u00f6w<br><a href=\"http:\/\/www.shutterstock.com\/\" target=\"_blank\" rel=\"noopener noreferrer\">www.shutterstock.com<\/a><br>Aenne M\u00fcller<a href=\"https:\/\/www.instagram.com\/aennemueller\/\" target=\"_blank\" rel=\"noopener noreferrer\">(Aenne M\u00fcller Photography<\/a>)<br>Sarah Neu<a href=\"https:\/\/www.instagram.com\/sarahn_photography_\/\" target=\"_blank\" rel=\"noopener noreferrer\">(Sarah N. Photography<\/a>)<br>Daniel Kaiser<\/p>\n<p>The EU&#8217;s ODR platform for out-of-court online dispute resolution can be accessed via the following link: <a title=\"http:\/\/ec.europa.eu\/consumers\/odr\/\" href=\"http:\/\/ec.europa.eu\/consumers\/odr\/\" target=\"_blank\" rel=\"noopener\">http:\/\/ec.europa.eu\/consumers\/odr\/<\/a><br>Our email address is: info(at)vitandar.de<br>We are not obliged to participate in dispute resolution proceedings before a consumer arbitration board and are generally not prepared to do so.<\/p>\n\n\t\t<\/div>\n\n\t\t\n<style>\n#section_1928781340 {\n  padding-top: 30px;\n  padding-bottom: 30px;\n}\n<\/style>\n\t<\/section>\n\t\n\n<div class=\"woocommerce woocommerce-gzd woocommerce-gzd-complaints-shortcode\">\n\t\t\t<h3>Alternative Dispute Resolution in accordance with Art. 14 (1) ODR-VO and \u00a7 36 VSBG:<\/h3>\n\t\n<\/div>\n","protected":false},"excerpt":{"rendered":"","protected":false},"author":1,"featured_media":0,"parent":0,"menu_order":137,"comment_status":"closed","ping_status":"closed","template":"","meta":{"inline_featured_image":false,"footnotes":""},"class_list":["post-62084","page","type-page","status-publish","hentry"],"yoast_head":"<!-- This site is optimized with the Yoast SEO plugin v27.4 - https:\/\/yoast.com\/product\/yoast-seo-wordpress\/ -->\n<title>Imprint | VITANDAR<\/title>\n<meta name=\"robots\" content=\"index, follow, max-snippet:-1, max-image-preview:large, max-video-preview:-1\" \/>\n<link rel=\"canonical\" href=\"https:\/\/www.vitandar.de\/impressum\/\" \/>\n<meta property=\"og:locale\" content=\"en_US\" \/>\n<meta property=\"og:type\" content=\"article\" \/>\n<meta property=\"og:title\" content=\"Imprint | VITANDAR\" \/>\n<meta property=\"og:url\" content=\"https:\/\/www.vitandar.de\/impressum\/\" \/>\n<meta property=\"og:site_name\" content=\"VITANDAR\" \/>\n<meta property=\"article:publisher\" content=\"https:\/\/www.facebook.com\/vitandar\/\" \/>\n<meta property=\"article:modified_time\" content=\"2025-10-03T07:01:29+00:00\" \/>\n<meta name=\"twitter:card\" content=\"summary_large_image\" \/>\n<meta name=\"twitter:label1\" content=\"Est. reading time\" \/>\n\t<meta name=\"twitter:data1\" content=\"3 minutes\" \/>\n<script type=\"application\/ld+json\" class=\"yoast-schema-graph\">{\"@context\":\"https:\\\/\\\/schema.org\",\"@graph\":[{\"@type\":\"WebPage\",\"@id\":\"https:\\\/\\\/www.vitandar.de\\\/impressum\\\/\",\"url\":\"https:\\\/\\\/www.vitandar.de\\\/impressum\\\/\",\"name\":\"Imprint | VITANDAR\",\"isPartOf\":{\"@id\":\"https:\\\/\\\/www.vitandar.de\\\/#website\"},\"datePublished\":\"2015-08-12T16:27:08+00:00\",\"dateModified\":\"2025-10-03T07:01:29+00:00\",\"breadcrumb\":{\"@id\":\"https:\\\/\\\/www.vitandar.de\\\/impressum\\\/#breadcrumb\"},\"inLanguage\":\"en-US\",\"potentialAction\":[{\"@type\":\"ReadAction\",\"target\":[\"https:\\\/\\\/www.vitandar.de\\\/impressum\\\/\"]}]},{\"@type\":\"BreadcrumbList\",\"@id\":\"https:\\\/\\\/www.vitandar.de\\\/impressum\\\/#breadcrumb\",\"itemListElement\":[{\"@type\":\"ListItem\",\"position\":1,\"name\":\"Startseite\",\"item\":\"https:\\\/\\\/www.vitandar.de\\\/\"},{\"@type\":\"ListItem\",\"position\":2,\"name\":\"Imprint\"}]},{\"@type\":\"WebSite\",\"@id\":\"https:\\\/\\\/www.vitandar.de\\\/#website\",\"url\":\"https:\\\/\\\/www.vitandar.de\\\/\",\"name\":\"VITANDAR\",\"description\":\"Pferdesportzubeh\u00f6r mit Infraroteffekt\",\"publisher\":{\"@id\":\"https:\\\/\\\/www.vitandar.de\\\/#organization\"},\"potentialAction\":[{\"@type\":\"SearchAction\",\"target\":{\"@type\":\"EntryPoint\",\"urlTemplate\":\"https:\\\/\\\/www.vitandar.de\\\/?s={search_term_string}\"},\"query-input\":{\"@type\":\"PropertyValueSpecification\",\"valueRequired\":true,\"valueName\":\"search_term_string\"}}],\"inLanguage\":\"en-US\"},{\"@type\":\"Organization\",\"@id\":\"https:\\\/\\\/www.vitandar.de\\\/#organization\",\"name\":\"VITANDAR\",\"url\":\"https:\\\/\\\/www.vitandar.de\\\/\",\"logo\":{\"@type\":\"ImageObject\",\"inLanguage\":\"en-US\",\"@id\":\"https:\\\/\\\/www.vitandar.de\\\/#\\\/schema\\\/logo\\\/image\\\/\",\"url\":\"https:\\\/\\\/www.vitandar.de\\\/wp-content\\\/uploads\\\/2019\\\/07\\\/Vitandar-Label.png\",\"contentUrl\":\"https:\\\/\\\/www.vitandar.de\\\/wp-content\\\/uploads\\\/2019\\\/07\\\/Vitandar-Label.png\",\"width\":1000,\"height\":500,\"caption\":\"VITANDAR\"},\"image\":{\"@id\":\"https:\\\/\\\/www.vitandar.de\\\/#\\\/schema\\\/logo\\\/image\\\/\"},\"sameAs\":[\"https:\\\/\\\/www.facebook.com\\\/vitandar\\\/\",\"https:\\\/\\\/www.instagram.com\\\/vitandar.horse.gear\\\/\"]}]}<\/script>\n<!-- \/ Yoast SEO plugin. -->","yoast_head_json":{"title":"Imprint | VITANDAR","robots":{"index":"index","follow":"follow","max-snippet":"max-snippet:-1","max-image-preview":"max-image-preview:large","max-video-preview":"max-video-preview:-1"},"canonical":"https:\/\/www.vitandar.de\/impressum\/","og_locale":"en_US","og_type":"article","og_title":"Imprint | VITANDAR","og_url":"https:\/\/www.vitandar.de\/impressum\/","og_site_name":"VITANDAR","article_publisher":"https:\/\/www.facebook.com\/vitandar\/","article_modified_time":"2025-10-03T07:01:29+00:00","twitter_card":"summary_large_image","twitter_misc":{"Est. reading time":"3 minutes"},"schema":{"@context":"https:\/\/schema.org","@graph":[{"@type":"WebPage","@id":"https:\/\/www.vitandar.de\/impressum\/","url":"https:\/\/www.vitandar.de\/impressum\/","name":"Imprint | VITANDAR","isPartOf":{"@id":"https:\/\/www.vitandar.de\/#website"},"datePublished":"2015-08-12T16:27:08+00:00","dateModified":"2025-10-03T07:01:29+00:00","breadcrumb":{"@id":"https:\/\/www.vitandar.de\/impressum\/#breadcrumb"},"inLanguage":"en-US","potentialAction":[{"@type":"ReadAction","target":["https:\/\/www.vitandar.de\/impressum\/"]}]},{"@type":"BreadcrumbList","@id":"https:\/\/www.vitandar.de\/impressum\/#breadcrumb","itemListElement":[{"@type":"ListItem","position":1,"name":"Startseite","item":"https:\/\/www.vitandar.de\/"},{"@type":"ListItem","position":2,"name":"Imprint"}]},{"@type":"WebSite","@id":"https:\/\/www.vitandar.de\/#website","url":"https:\/\/www.vitandar.de\/","name":"VITANDAR","description":"Pferdesportzubeh\u00f6r mit Infraroteffekt","publisher":{"@id":"https:\/\/www.vitandar.de\/#organization"},"potentialAction":[{"@type":"SearchAction","target":{"@type":"EntryPoint","urlTemplate":"https:\/\/www.vitandar.de\/?s={search_term_string}"},"query-input":{"@type":"PropertyValueSpecification","valueRequired":true,"valueName":"search_term_string"}}],"inLanguage":"en-US"},{"@type":"Organization","@id":"https:\/\/www.vitandar.de\/#organization","name":"VITANDAR","url":"https:\/\/www.vitandar.de\/","logo":{"@type":"ImageObject","inLanguage":"en-US","@id":"https:\/\/www.vitandar.de\/#\/schema\/logo\/image\/","url":"https:\/\/www.vitandar.de\/wp-content\/uploads\/2019\/07\/Vitandar-Label.png","contentUrl":"https:\/\/www.vitandar.de\/wp-content\/uploads\/2019\/07\/Vitandar-Label.png","width":1000,"height":500,"caption":"VITANDAR"},"image":{"@id":"https:\/\/www.vitandar.de\/#\/schema\/logo\/image\/"},"sameAs":["https:\/\/www.facebook.com\/vitandar\/","https:\/\/www.instagram.com\/vitandar.horse.gear\/"]}]}},"jetpack-related-posts":[],"jetpack_sharing_enabled":true,"_links":{"self":[{"href":"https:\/\/www.vitandar.de\/en\/wp-json\/wp\/v2\/pages\/62084","targetHints":{"allow":["GET"]}}],"collection":[{"href":"https:\/\/www.vitandar.de\/en\/wp-json\/wp\/v2\/pages"}],"about":[{"href":"https:\/\/www.vitandar.de\/en\/wp-json\/wp\/v2\/types\/page"}],"author":[{"embeddable":true,"href":"https:\/\/www.vitandar.de\/en\/wp-json\/wp\/v2\/users\/1"}],"replies":[{"embeddable":true,"href":"https:\/\/www.vitandar.de\/en\/wp-json\/wp\/v2\/comments?post=62084"}],"version-history":[{"count":1,"href":"https:\/\/www.vitandar.de\/en\/wp-json\/wp\/v2\/pages\/62084\/revisions"}],"predecessor-version":[{"id":62085,"href":"https:\/\/www.vitandar.de\/en\/wp-json\/wp\/v2\/pages\/62084\/revisions\/62085"}],"wp:attachment":[{"href":"https:\/\/www.vitandar.de\/en\/wp-json\/wp\/v2\/media?parent=62084"}],"curies":[{"name":"wp","href":"https:\/\/api.w.org\/{rel}","templated":true}]}}