{"id":62150,"date":"2020-01-04T21:16:31","date_gmt":"2020-01-04T20:16:31","guid":{"rendered":"https:\/\/www.vitandar.de\/feedback\/"},"modified":"2025-10-03T09:03:48","modified_gmt":"2025-10-03T07:03:48","slug":"feedback","status":"publish","type":"page","link":"https:\/\/www.vitandar.de\/en\/feedback\/","title":{"rendered":"Feedback"},"content":{"rendered":"\n\n\t<section class=\"section dark\" id=\"section_1651924802\">\n\t\t<div class=\"section-bg fill\" >\n\t\t\t<img loading=\"lazy\" decoding=\"async\" width=\"1340\" height=\"400\" src=\"https:\/\/www.vitandar.de\/wp-content\/uploads\/2019\/03\/Banner-Anwendung-Vitandar.jpg\" class=\"bg attachment- size-\" alt=\"\" data-attachment-id=\"38747\" data-permalink=\"https:\/\/www.vitandar.de\/en\/wissenswertes\/anwendung_infrarot_stallgamaschen\/banner-anwendung-vitandar-2\/#main\" data-orig-file=\"https:\/\/www.vitandar.de\/wp-content\/uploads\/2019\/03\/Banner-Anwendung-Vitandar.jpg\" data-orig-size=\"1340,400\" data-comments-opened=\"1\" data-image-meta=\"{&quot;aperture&quot;:&quot;0&quot;,&quot;credit&quot;:&quot;&quot;,&quot;camera&quot;:&quot;&quot;,&quot;caption&quot;:&quot;&quot;,&quot;created_timestamp&quot;:&quot;0&quot;,&quot;copyright&quot;:&quot;&quot;,&quot;focal_length&quot;:&quot;0&quot;,&quot;iso&quot;:&quot;0&quot;,&quot;shutter_speed&quot;:&quot;0&quot;,&quot;title&quot;:&quot;&quot;,&quot;orientation&quot;:&quot;0&quot;}\" data-image-title=\"Banner-Anwendung-Vitandar\" data-image-description=\"\" data-image-caption=\"\" data-large-file=\"https:\/\/www.vitandar.de\/wp-content\/uploads\/2019\/03\/Banner-Anwendung-Vitandar-1024x306.jpg\" \/>\t\t\t\t\t\t\n\t\t\t\n\n\t\t<\/div>\n\n\t\t\n\n\t\t<div class=\"section-content relative\">\n\t\t\t\n\n\t<div id=\"gap-1703984768\" class=\"gap-element clearfix\" style=\"display:block; height:auto;\">\n\t\t\n<style>\n#gap-1703984768 {\n  padding-top: 30px;\n}\n<\/style>\n\t<\/div>\n\t\n\n<div class=\"row align-center\"  id=\"row-820322289\">\n\n\n\t<div id=\"col-561251481\" class=\"col medium-10 small-12 large-9\"  >\n\t\t\t\t<div class=\"col-inner text-center\"  >\n\t\t\t\n\t\t\t\n\n\n\t\t<\/div>\n\t\t\t\t\t<\/div>\n\n\t\n\n<\/div>\n\n\t\t<\/div>\n\n\t\t\n<style>\n#section_1651924802 {\n  padding-top: 30px;\n  padding-bottom: 30px;\n  min-height: 500px;\n}\n#section_1651924802 .section-bg-overlay {\n  background-color: rgba(0, 0, 0, 0.15);\n}\n#section_1651924802 .section-bg img {\n  object-position: 29% 39%;\n}\n@media (min-width:550px) {\n  #section_1651924802 {\n    min-height: 400px;\n  }\n  #section_1651924802 .section-bg-overlay {\n    background-color: rgba(0, 0, 0, 0.09);\n  }\n}\n<\/style>\n\t<\/section>\n\t\n\n\t<section class=\"section\" id=\"section_1098622221\">\n\t\t<div class=\"section-bg fill\" >\n\t\t\t\t\t\t\t\t\t\n\t\t\t\n\n\t\t<\/div>\n\n\t\t\n\n\t\t<div class=\"section-content relative\">\n\t\t\t\n\n\t<div id=\"gap-893523283\" class=\"gap-element clearfix\" style=\"display:block; height:auto;\">\n\t\t\n<style>\n#gap-893523283 {\n  padding-top: 30px;\n}\n<\/style>\n\t<\/div>\n\t\n\n<div class=\"row align-center\"  id=\"row-478695574\">\n\n\n\t<div id=\"col-578677750\" class=\"col medium-10 small-12 large-9\"  >\n\t\t\t\t<div class=\"col-inner text-center\"  >\n\t\t\t\n\t\t\t\n\n<h1 class=\"et_pb_module_header\">Feedback<\/h1>\n<h4><span class=\"et_pb_fullwidth_header_subhead\">Send us your opinion!<\/span><\/h4>\n<p>Now it&#8217;s your turn! Have you had experience with our products? <br>Let us and the other horse owners know what you think!<\/p>\n\n\t\t<\/div>\n\t\t\t\t\t<\/div>\n\n\t\n\n<\/div>\n<div class=\"is-divider divider clearfix\" style=\"max-width:100%;height:1px;background-color:rgb(232, 0, 0);\"><\/div>\n\n\n\t\t<\/div>\n\n\t\t\n<style>\n#section_1098622221 {\n  padding-top: 20px;\n  padding-bottom: 20px;\n}\n<\/style>\n\t<\/section>\n\t\n\n\t<section class=\"section\" id=\"section_1111347416\">\n\t\t<div class=\"section-bg fill\" >\n\t\t\t\t\t\t\t\t\t\n\t\t\t\n\n\t\t<\/div>\n\n\t\t\n\n\t\t<div class=\"section-content relative\">\n\t\t\t\n\n<p style=\"text-align: center;\"><div class=\"strong-view strong-form strong-view-id-2 default-form wpmtst-default-form\" data-state=\"idle\"><div class=\"strong-form-wait\" data-formid=\"1\"><div class=\"message\"><img decoding=\"async\" src=\"https:\/\/www.vitandar.de\/wp-content\/plugins\/strong-testimonials\/assets\/public\/svg\/spinner-solid.svg\" alt=\"Strong Testimonials form submission spinner.\"><\/div><\/div><div class=\"wpmtst-form wpmtst-form-id-1\"><div class=\"strong-form-inner\"><p class=\"required-notice\"><span class=\"required symbol\"><\/span>Erforderlich\t\t<\/p><form class=\"wpmtst-submission-form\" method=\"post\" enctype=\"multipart\/form-data\" autocomplete=\"off\" data-config=\"{&quot;scroll&quot;:{&quot;onError&quot;:true,&quot;onErrorOffset&quot;:40,&quot;onSuccess&quot;:true,&quot;onSuccessOffset&quot;:40},&quot;fields&quot;:[{&quot;name&quot;:&quot;client_name&quot;,&quot;type&quot;:&quot;text&quot;,&quot;required&quot;:1},{&quot;name&quot;:&quot;email&quot;,&quot;type&quot;:&quot;email&quot;,&quot;required&quot;:0},{&quot;name&quot;:&quot;insta_name&quot;,&quot;type&quot;:&quot;text&quot;,&quot;required&quot;:0},{&quot;name&quot;:&quot;sterne&quot;,&quot;type&quot;:&quot;rating&quot;,&quot;required&quot;:0},{&quot;name&quot;:&quot;post_title&quot;,&quot;type&quot;:&quot;text&quot;,&quot;required&quot;:0},{&quot;name&quot;:&quot;post_content&quot;,&quot;type&quot;:&quot;textarea&quot;,&quot;required&quot;:1},{&quot;name&quot;:&quot;featured_image&quot;,&quot;type&quot;:&quot;file&quot;,&quot;required&quot;:0}]}\" data-formid = \"1\"><div style=\"display: none;\"><input type=\"hidden\" id=\"wpmtst_form_nonce\" name=\"wpmtst_form_nonce\" value=\"9cdfa40696\" \/><input type=\"hidden\" name=\"_wp_http_referer\" value=\"\/en\/wp-json\/wp\/v2\/pages\/62150\" \/><input type=\"hidden\" name=\"action\" value=\"wpmtst_form\"><input type=\"hidden\" name=\"form_id\" value=\"1\"><input type=\"hidden\" name=\"default_category\" value=\"1232\"><input type=\"hidden\" name=\"view_id\" value=\"2\"><input type=\"hidden\" name=\"category\" value=\"1232\"><\/div><div class=\"form-field field-client_name\"><label for=\"wpmtst_client_name\" class=\"field-client_name\">Name<\/label><span class=\"required symbol\"><\/span><input id=\"wpmtst_client_name\" type=\"text\" class=\"text\" name=\"client_name\"  value=\"\" placeholder=\"\"   required tabindex=\"0\"><span class=\"after\">Wie ist Dein Name?<\/span><\/div><div class=\"form-field field-email\"><label for=\"wpmtst_email\" class=\"field-email\">E-Mail<\/label><input id=\"wpmtst_email\" type=\"email\" class=\"text email\" name=\"email\"  value=\"\" placeholder=\"\"   tabindex=\"0\"><span class=\"after\">Deine E-Mail-Adresse? (F\u00fcr ev. R\u00fcckfragen. Wird NICHT ver\u00f6ffentlicht!)<\/span><\/div><div class=\"form-field field-insta_name\"><label for=\"wpmtst_insta_name\" class=\"field-insta_name\">Instagram Name<\/label><input id=\"wpmtst_insta_name\" type=\"text\" class=\"text\" name=\"insta_name\"  value=\"\" placeholder=\"@Dein_Insta_Name\"   tabindex=\"0\"><span class=\"after\">Gib Deinen Instagram Account ein, wenn Du m\u00f6chtest, dass Leute Dich dort finden.<\/span><\/div><div class=\"form-field field-sterne\"><label for=\"wpmtst_sterne\" class=\"field-sterne\">Sterne<\/label><div class=\"strong-rating-wrapper field-wrap in-form\"><fieldset contenteditable=false\n\t\t\t\t\tid=\"wpmtst_sterne\"\n\t\t\t\t\tname=\"sterne\"\n\t\t\t\t\tclass=\"strong-rating\"\n\t\t\t\t\tdata-field-type=\"rating\"\n\t\t\t\t\ttabindex=\"0\"><legend>rating fields<\/legend><input type=\"radio\" id=\"sterne-star0-4989\" name=\"sterne\" value=\"0\"  checked='checked' \/><label for=\"sterne-star0-4989\" title=\"No stars\"><\/label><input type=\"radio\" id=\"sterne-star1-4989\" name=\"sterne\" value=\"1\"  \/><label for=\"sterne-star1-4989\" class=\"star\" title=\"1 star\"><svg aria-hidden=\"true\" role=\"img\" xmlns=\"http:\/\/www.w3.org\/2000\/svg\" viewBox=\"-12 -12 590 526\"><path class=\"star_regular\" d=\"M528.1 171.5L382 150.2 316.7 17.8c-11.7-23.6-45.6-23.9-57.4 0L194 150.2 47.9 171.5c-26.2 3.8-36.7 36.1-17.7 54.6l105.7 103-25 145.5c-4.5 26.3 23.2 46 46.4 33.7L288 439.6l130.7 68.7c23.2 12.2 50.9-7.4 46.4-33.7l-25-145.5 105.7-103c19-18.5 8.5-50.8-17.7-54.6zM388.6 312.3l23.7 138.4L288 385.4l-124.3 65.3 23.7-138.4-100.6-98 139-20.2 62.2-126 62.2 126 139 20.2-100.6 98z\"><\/path><path class=\"star_solid\" d=\"M259.3 17.8L194 150.2 47.9 171.5c-26.2 3.8-36.7 36.1-17.7 54.6l105.7 103-25 145.5c-4.5 26.3 23.2 46 46.4 33.7L288 439.6l130.7 68.7c23.2 12.2 50.9-7.4 46.4-33.7l-25-145.5 105.7-103c19-18.5 8.5-50.8-17.7-54.6L382 150.2 316.7 17.8c-11.7-23.6-45.6-23.9-57.4 0z\"><\/path><\/svg><\/label><input type=\"radio\" id=\"sterne-star2-4989\" name=\"sterne\" value=\"2\"  \/><label for=\"sterne-star2-4989\" class=\"star\" title=\"2 stars\"><svg aria-hidden=\"true\" role=\"img\" xmlns=\"http:\/\/www.w3.org\/2000\/svg\" viewBox=\"-12 -12 590 526\"><path class=\"star_regular\" d=\"M528.1 171.5L382 150.2 316.7 17.8c-11.7-23.6-45.6-23.9-57.4 0L194 150.2 47.9 171.5c-26.2 3.8-36.7 36.1-17.7 54.6l105.7 103-25 145.5c-4.5 26.3 23.2 46 46.4 33.7L288 439.6l130.7 68.7c23.2 12.2 50.9-7.4 46.4-33.7l-25-145.5 105.7-103c19-18.5 8.5-50.8-17.7-54.6zM388.6 312.3l23.7 138.4L288 385.4l-124.3 65.3 23.7-138.4-100.6-98 139-20.2 62.2-126 62.2 126 139 20.2-100.6 98z\"><\/path><path class=\"star_solid\" d=\"M259.3 17.8L194 150.2 47.9 171.5c-26.2 3.8-36.7 36.1-17.7 54.6l105.7 103-25 145.5c-4.5 26.3 23.2 46 46.4 33.7L288 439.6l130.7 68.7c23.2 12.2 50.9-7.4 46.4-33.7l-25-145.5 105.7-103c19-18.5 8.5-50.8-17.7-54.6L382 150.2 316.7 17.8c-11.7-23.6-45.6-23.9-57.4 0z\"><\/path><\/svg><\/label><input type=\"radio\" id=\"sterne-star3-4989\" name=\"sterne\" value=\"3\"  \/><label for=\"sterne-star3-4989\" class=\"star\" title=\"3 stars\"><svg aria-hidden=\"true\" role=\"img\" xmlns=\"http:\/\/www.w3.org\/2000\/svg\" viewBox=\"-12 -12 590 526\"><path class=\"star_regular\" d=\"M528.1 171.5L382 150.2 316.7 17.8c-11.7-23.6-45.6-23.9-57.4 0L194 150.2 47.9 171.5c-26.2 3.8-36.7 36.1-17.7 54.6l105.7 103-25 145.5c-4.5 26.3 23.2 46 46.4 33.7L288 439.6l130.7 68.7c23.2 12.2 50.9-7.4 46.4-33.7l-25-145.5 105.7-103c19-18.5 8.5-50.8-17.7-54.6zM388.6 312.3l23.7 138.4L288 385.4l-124.3 65.3 23.7-138.4-100.6-98 139-20.2 62.2-126 62.2 126 139 20.2-100.6 98z\"><\/path><path class=\"star_solid\" d=\"M259.3 17.8L194 150.2 47.9 171.5c-26.2 3.8-36.7 36.1-17.7 54.6l105.7 103-25 145.5c-4.5 26.3 23.2 46 46.4 33.7L288 439.6l130.7 68.7c23.2 12.2 50.9-7.4 46.4-33.7l-25-145.5 105.7-103c19-18.5 8.5-50.8-17.7-54.6L382 150.2 316.7 17.8c-11.7-23.6-45.6-23.9-57.4 0z\"><\/path><\/svg><\/label><input type=\"radio\" id=\"sterne-star4-4989\" name=\"sterne\" value=\"4\"  \/><label for=\"sterne-star4-4989\" class=\"star\" title=\"4 stars\"><svg aria-hidden=\"true\" role=\"img\" xmlns=\"http:\/\/www.w3.org\/2000\/svg\" viewBox=\"-12 -12 590 526\"><path class=\"star_regular\" d=\"M528.1 171.5L382 150.2 316.7 17.8c-11.7-23.6-45.6-23.9-57.4 0L194 150.2 47.9 171.5c-26.2 3.8-36.7 36.1-17.7 54.6l105.7 103-25 145.5c-4.5 26.3 23.2 46 46.4 33.7L288 439.6l130.7 68.7c23.2 12.2 50.9-7.4 46.4-33.7l-25-145.5 105.7-103c19-18.5 8.5-50.8-17.7-54.6zM388.6 312.3l23.7 138.4L288 385.4l-124.3 65.3 23.7-138.4-100.6-98 139-20.2 62.2-126 62.2 126 139 20.2-100.6 98z\"><\/path><path class=\"star_solid\" d=\"M259.3 17.8L194 150.2 47.9 171.5c-26.2 3.8-36.7 36.1-17.7 54.6l105.7 103-25 145.5c-4.5 26.3 23.2 46 46.4 33.7L288 439.6l130.7 68.7c23.2 12.2 50.9-7.4 46.4-33.7l-25-145.5 105.7-103c19-18.5 8.5-50.8-17.7-54.6L382 150.2 316.7 17.8c-11.7-23.6-45.6-23.9-57.4 0z\"><\/path><\/svg><\/label><input type=\"radio\" id=\"sterne-star5-4989\" name=\"sterne\" value=\"5\"  \/><label for=\"sterne-star5-4989\" class=\"star\" title=\"5 stars\"><svg aria-hidden=\"true\" role=\"img\" xmlns=\"http:\/\/www.w3.org\/2000\/svg\" viewBox=\"-12 -12 590 526\"><path class=\"star_regular\" d=\"M528.1 171.5L382 150.2 316.7 17.8c-11.7-23.6-45.6-23.9-57.4 0L194 150.2 47.9 171.5c-26.2 3.8-36.7 36.1-17.7 54.6l105.7 103-25 145.5c-4.5 26.3 23.2 46 46.4 33.7L288 439.6l130.7 68.7c23.2 12.2 50.9-7.4 46.4-33.7l-25-145.5 105.7-103c19-18.5 8.5-50.8-17.7-54.6zM388.6 312.3l23.7 138.4L288 385.4l-124.3 65.3 23.7-138.4-100.6-98 139-20.2 62.2-126 62.2 126 139 20.2-100.6 98z\"><\/path><path class=\"star_solid\" d=\"M259.3 17.8L194 150.2 47.9 171.5c-26.2 3.8-36.7 36.1-17.7 54.6l105.7 103-25 145.5c-4.5 26.3 23.2 46 46.4 33.7L288 439.6l130.7 68.7c23.2 12.2 50.9-7.4 46.4-33.7l-25-145.5 105.7-103c19-18.5 8.5-50.8-17.7-54.6L382 150.2 316.7 17.8c-11.7-23.6-45.6-23.9-57.4 0z\"><\/path><\/svg><\/label><\/fieldset><\/div><span class=\"after\">Vergib Sterne!<\/span><\/div><div class=\"form-field field-post_title\"><label for=\"wpmtst_post_title\" class=\"field-post_title\">\u00dcberschrift<\/label><input id=\"wpmtst_post_title\" type=\"text\" class=\"text\" name=\"post_title\"  value=\"\" placeholder=\"\"   tabindex=\"0\"><span class=\"after\">Um welches Produkt geht es?<\/span><\/div><div class=\"form-field field-post_content\"><label for=\"wpmtst_post_content\" class=\"field-post_content\">Feedback<\/label><span class=\"required symbol\"><\/span><textarea id=\"wpmtst_post_content\" name=\"post_content\" class=\"textarea\"  required placeholder=\"\"  tabindex=\"0\"><\/textarea><span class=\"after\">Gib uns Dein Feedback!<\/span><\/div><div class=\"form-field field-featured_image\"><label for=\"wpmtst_featured_image\" class=\"field-featured_image\">Foto<\/label><div class=\"field-wrap\"><input id=\"wpmtst_featured_image\" type=\"file\" name=\"featured_image\" tabindex=\"0\"><\/div><span class=\"after\">Lade ein Foto f\u00fcr Dein Feedback hoch!<\/span><\/div><div class=\"form-field wpmtst-submit\"><label><input type=\"submit\" class=\"wpmtst_submit_testimonial\" name=\"wpmtst_submit_testimonial\" value=\"Feedback senden!\" class=\"button\" tabindex=\"0\"><\/label><\/div><\/form><\/div><\/div><\/div>\n\n\t\t<\/div>\n\n\t\t\n<style>\n#section_1111347416 {\n  padding-top: 30px;\n  padding-bottom: 30px;\n}\n<\/style>\n\t<\/section>\n\t\n\n\t<section class=\"section\" id=\"section_1952218728\">\n\t\t<div class=\"section-bg fill\" >\n\t\t\t\t\t\t\t\t\t\n\t\t\t\n\n\t\t<\/div>\n\n\t\t\n\n\t\t<div class=\"section-content relative\">\n\t\t\t\n\n<h3 style=\"text-align: center;\">Customer opinions<\/h3>\n<h4 style=\"text-align: center;\">Read what other customers have written here!<\/h4>\n\t<div id=\"gap-1869866308\" class=\"gap-element clearfix\" style=\"display:block; height:auto;\">\n\t\t\n<style>\n#gap-1869866308 {\n  padding-top: 30px;\n}\n<\/style>\n\t<\/div>\n\t\n\n<div class=\"row\"  id=\"row-426669390\">\n\n\n\t<div id=\"col-339338801\" class=\"col small-12 large-12\"  >\n\t\t\t\t<div class=\"col-inner text-center\"  >\n\t\t\t\n\t\t\t\n\n<a href=\"https:\/\/www.vitandar.de\/show-feedback\/\" class=\"button primary lowercase\" style=\"border-radius:10px;\">\n\t\t<span>Read feedback<\/span>\n\t<\/a>\n\n\n\n\t\t<\/div>\n\t\t\t\t\t<\/div>\n\n\t\n\n<\/div>\n\n\t\t<\/div>\n\n\t\t\n<style>\n#section_1952218728 {\n  padding-top: 30px;\n  padding-bottom: 30px;\n  background-color: rgb(251, 251, 251);\n}\n<\/style>\n\t<\/section>\n\t\n\n","protected":false},"excerpt":{"rendered":"","protected":false},"author":1,"featured_media":0,"parent":0,"menu_order":57,"comment_status":"closed","ping_status":"closed","template":"","meta":{"inline_featured_image":false,"footnotes":""},"class_list":["post-62150","page","type-page","status-publish","hentry"],"yoast_head":"<!-- This site is optimized with the Yoast SEO plugin v27.4 - https:\/\/yoast.com\/product\/yoast-seo-wordpress\/ -->\n<title>Feedback | VITANDAR<\/title>\n<meta name=\"robots\" content=\"index, follow, max-snippet:-1, max-image-preview:large, max-video-preview:-1\" \/>\n<link rel=\"canonical\" href=\"https:\/\/www.vitandar.de\/feedback\/\" \/>\n<meta property=\"og:locale\" content=\"en_US\" \/>\n<meta property=\"og:type\" content=\"article\" \/>\n<meta property=\"og:title\" content=\"Feedback | VITANDAR\" \/>\n<meta property=\"og:url\" content=\"https:\/\/www.vitandar.de\/feedback\/\" \/>\n<meta property=\"og:site_name\" content=\"VITANDAR\" \/>\n<meta property=\"article:publisher\" content=\"https:\/\/www.facebook.com\/vitandar\/\" \/>\n<meta property=\"article:modified_time\" content=\"2025-10-03T07:03:48+00:00\" \/>\n<meta name=\"twitter:card\" content=\"summary_large_image\" \/>\n<meta name=\"twitter:label1\" content=\"Est. reading time\" \/>\n\t<meta name=\"twitter:data1\" content=\"1 minute\" \/>\n<script type=\"application\/ld+json\" class=\"yoast-schema-graph\">{\"@context\":\"https:\\\/\\\/schema.org\",\"@graph\":[{\"@type\":\"WebPage\",\"@id\":\"https:\\\/\\\/www.vitandar.de\\\/feedback\\\/\",\"url\":\"https:\\\/\\\/www.vitandar.de\\\/feedback\\\/\",\"name\":\"Feedback | VITANDAR\",\"isPartOf\":{\"@id\":\"https:\\\/\\\/www.vitandar.de\\\/#website\"},\"datePublished\":\"2020-01-04T20:16:31+00:00\",\"dateModified\":\"2025-10-03T07:03:48+00:00\",\"breadcrumb\":{\"@id\":\"https:\\\/\\\/www.vitandar.de\\\/feedback\\\/#breadcrumb\"},\"inLanguage\":\"en-US\",\"potentialAction\":[{\"@type\":\"ReadAction\",\"target\":[\"https:\\\/\\\/www.vitandar.de\\\/feedback\\\/\"]}]},{\"@type\":\"BreadcrumbList\",\"@id\":\"https:\\\/\\\/www.vitandar.de\\\/feedback\\\/#breadcrumb\",\"itemListElement\":[{\"@type\":\"ListItem\",\"position\":1,\"name\":\"Startseite\",\"item\":\"https:\\\/\\\/www.vitandar.de\\\/\"},{\"@type\":\"ListItem\",\"position\":2,\"name\":\"Feedback\"}]},{\"@type\":\"WebSite\",\"@id\":\"https:\\\/\\\/www.vitandar.de\\\/#website\",\"url\":\"https:\\\/\\\/www.vitandar.de\\\/\",\"name\":\"VITANDAR\",\"description\":\"Pferdesportzubeh\u00f6r mit Infraroteffekt\",\"publisher\":{\"@id\":\"https:\\\/\\\/www.vitandar.de\\\/#organization\"},\"potentialAction\":[{\"@type\":\"SearchAction\",\"target\":{\"@type\":\"EntryPoint\",\"urlTemplate\":\"https:\\\/\\\/www.vitandar.de\\\/?s={search_term_string}\"},\"query-input\":{\"@type\":\"PropertyValueSpecification\",\"valueRequired\":true,\"valueName\":\"search_term_string\"}}],\"inLanguage\":\"en-US\"},{\"@type\":\"Organization\",\"@id\":\"https:\\\/\\\/www.vitandar.de\\\/#organization\",\"name\":\"VITANDAR\",\"url\":\"https:\\\/\\\/www.vitandar.de\\\/\",\"logo\":{\"@type\":\"ImageObject\",\"inLanguage\":\"en-US\",\"@id\":\"https:\\\/\\\/www.vitandar.de\\\/#\\\/schema\\\/logo\\\/image\\\/\",\"url\":\"https:\\\/\\\/www.vitandar.de\\\/wp-content\\\/uploads\\\/2019\\\/07\\\/Vitandar-Label.png\",\"contentUrl\":\"https:\\\/\\\/www.vitandar.de\\\/wp-content\\\/uploads\\\/2019\\\/07\\\/Vitandar-Label.png\",\"width\":1000,\"height\":500,\"caption\":\"VITANDAR\"},\"image\":{\"@id\":\"https:\\\/\\\/www.vitandar.de\\\/#\\\/schema\\\/logo\\\/image\\\/\"},\"sameAs\":[\"https:\\\/\\\/www.facebook.com\\\/vitandar\\\/\",\"https:\\\/\\\/www.instagram.com\\\/vitandar.horse.gear\\\/\"]}]}<\/script>\n<!-- \/ Yoast SEO plugin. -->","yoast_head_json":{"title":"Feedback | VITANDAR","robots":{"index":"index","follow":"follow","max-snippet":"max-snippet:-1","max-image-preview":"max-image-preview:large","max-video-preview":"max-video-preview:-1"},"canonical":"https:\/\/www.vitandar.de\/feedback\/","og_locale":"en_US","og_type":"article","og_title":"Feedback | VITANDAR","og_url":"https:\/\/www.vitandar.de\/feedback\/","og_site_name":"VITANDAR","article_publisher":"https:\/\/www.facebook.com\/vitandar\/","article_modified_time":"2025-10-03T07:03:48+00:00","twitter_card":"summary_large_image","twitter_misc":{"Est. reading time":"1 minute"},"schema":{"@context":"https:\/\/schema.org","@graph":[{"@type":"WebPage","@id":"https:\/\/www.vitandar.de\/feedback\/","url":"https:\/\/www.vitandar.de\/feedback\/","name":"Feedback | VITANDAR","isPartOf":{"@id":"https:\/\/www.vitandar.de\/#website"},"datePublished":"2020-01-04T20:16:31+00:00","dateModified":"2025-10-03T07:03:48+00:00","breadcrumb":{"@id":"https:\/\/www.vitandar.de\/feedback\/#breadcrumb"},"inLanguage":"en-US","potentialAction":[{"@type":"ReadAction","target":["https:\/\/www.vitandar.de\/feedback\/"]}]},{"@type":"BreadcrumbList","@id":"https:\/\/www.vitandar.de\/feedback\/#breadcrumb","itemListElement":[{"@type":"ListItem","position":1,"name":"Startseite","item":"https:\/\/www.vitandar.de\/"},{"@type":"ListItem","position":2,"name":"Feedback"}]},{"@type":"WebSite","@id":"https:\/\/www.vitandar.de\/#website","url":"https:\/\/www.vitandar.de\/","name":"VITANDAR","description":"Pferdesportzubeh\u00f6r mit Infraroteffekt","publisher":{"@id":"https:\/\/www.vitandar.de\/#organization"},"potentialAction":[{"@type":"SearchAction","target":{"@type":"EntryPoint","urlTemplate":"https:\/\/www.vitandar.de\/?s={search_term_string}"},"query-input":{"@type":"PropertyValueSpecification","valueRequired":true,"valueName":"search_term_string"}}],"inLanguage":"en-US"},{"@type":"Organization","@id":"https:\/\/www.vitandar.de\/#organization","name":"VITANDAR","url":"https:\/\/www.vitandar.de\/","logo":{"@type":"ImageObject","inLanguage":"en-US","@id":"https:\/\/www.vitandar.de\/#\/schema\/logo\/image\/","url":"https:\/\/www.vitandar.de\/wp-content\/uploads\/2019\/07\/Vitandar-Label.png","contentUrl":"https:\/\/www.vitandar.de\/wp-content\/uploads\/2019\/07\/Vitandar-Label.png","width":1000,"height":500,"caption":"VITANDAR"},"image":{"@id":"https:\/\/www.vitandar.de\/#\/schema\/logo\/image\/"},"sameAs":["https:\/\/www.facebook.com\/vitandar\/","https:\/\/www.instagram.com\/vitandar.horse.gear\/"]}]}},"jetpack-related-posts":[],"jetpack_sharing_enabled":true,"_links":{"self":[{"href":"https:\/\/www.vitandar.de\/en\/wp-json\/wp\/v2\/pages\/62150","targetHints":{"allow":["GET"]}}],"collection":[{"href":"https:\/\/www.vitandar.de\/en\/wp-json\/wp\/v2\/pages"}],"about":[{"href":"https:\/\/www.vitandar.de\/en\/wp-json\/wp\/v2\/types\/page"}],"author":[{"embeddable":true,"href":"https:\/\/www.vitandar.de\/en\/wp-json\/wp\/v2\/users\/1"}],"replies":[{"embeddable":true,"href":"https:\/\/www.vitandar.de\/en\/wp-json\/wp\/v2\/comments?post=62150"}],"version-history":[{"count":1,"href":"https:\/\/www.vitandar.de\/en\/wp-json\/wp\/v2\/pages\/62150\/revisions"}],"predecessor-version":[{"id":62151,"href":"https:\/\/www.vitandar.de\/en\/wp-json\/wp\/v2\/pages\/62150\/revisions\/62151"}],"wp:attachment":[{"href":"https:\/\/www.vitandar.de\/en\/wp-json\/wp\/v2\/media?parent=62150"}],"curies":[{"name":"wp","href":"https:\/\/api.w.org\/{rel}","templated":true}]}}